{"id":356,"date":"2024-02-01T12:46:58","date_gmt":"2024-02-01T11:46:58","guid":{"rendered":"https:\/\/digithalia.buehnen-graz.com\/?page_id=356"},"modified":"2024-02-08T20:57:25","modified_gmt":"2024-02-08T19:57:25","slug":"f-wiesel","status":"publish","type":"page","link":"https:\/\/digithalia.buehnen-graz.com\/en\/f-wiesel\/","title":{"rendered":"F. Wiesel"},"content":{"rendered":"<h1 class=\"wp-block-heading\">F. Wiesel<\/h1>\n\n\n\n<div style=\"height:50px\" aria-hidden=\"true\" class=\"wp-block-spacer\"><\/div>\n\n\n\n<div class=\"wp-block-columns is-layout-flex wp-container-core-columns-is-layout-9d6595d7 wp-block-columns-is-layout-flex\">\n<div class=\"wp-block-column is-layout-flow wp-block-column-is-layout-flow\" style=\"flex-basis:66.66%\">\n<p>Since the 2023\/24 season, Duo F. Wiesel explores digital narrative and theater forms as artists-in-residence at the Schauspielhaus KONSOLE. They explore the possibilities of virtual spaces and experiment with narrative styles, technologies and stage formats. In open experiments and performances, F. Wiesel share their research with the audience inviting them to play and think together. They curate the festival DIGITHALIA - Festival for Virtual Theater Forms Graz, bringing together regional, international and Schauspielhaus productions.\u00a0\u00a0<\/p>\n<p class=\"translation-block\">Behind the label F. Wiesel are Hanke Wilsmann and Jost von Harle\u00dfem. In 2011, they have been developing plays, performances and installations. Both studied Applied Theater Studies in Giessen. They live in Graz and Frankfurt am Main. <br>Their production teams include experts from the fields of puppetry, robotics, video and VR design. F. Wiesel combine found and made-up narratives to create their own innovative theater texts. Often using science fiction elements, they explore current and future social challenges. What will future communities talk about? How do robots share thoughts? Can entire planets have intelligence? What kind of future did past generations imagine? Together with unconventional protagonists, beings and spaces, they develop idiosyncratic visual worlds and narrative machines.<\/p>\n<p>In 2017, their production \"SUPERQUADRA\" was shortlisted for the St\u00fcckemarkt at the Berlin Theatertreffen and awarded the Ponto Performance Prize by the J\u00fcrgen Ponto Foundation. In 2023, their production \"LUXEMBURG\" was nominated for best stage design in the critics' survey of the magazine Theater-Heute. Their theater shows have been presented at Mousonturm Frankfurt, Staatsschauspiel Dresden, Kaserne Basel, Theater Heidelberg and Theater Chur, among others.\u00a0\u00a0<\/p>\n<p>Jost von Harle\u00dfem (*1987) works as a freelance stage, lighting and video designer for theater productions in Basel, Berlin and Vienna. He develops special technical solutions for live performances and researches virtual formats. He has a long-standing collaboration with the group FUX and the choreographer Kiriakos Hadjiioannou.\u00a0\u00a0<\/p>\n<p>Hanke Wilsmann (*1987) worked on theater productions in Germany and abroad as a technician, set designer and documentary photographer. From 2018-2023 she was the co-head of the production house Frankfurt LAB in Frankfurt am Main. Since 2022, she has been conducting research in the Arctic to explore artistic strategies for translating the climate catastrophe.\u00a0<\/p>\n<p>Further information at:\u00a0<a href=\"http:\/\/www.flinkwiesel.de\" target=\"_blank\" rel=\"noopener\">www.flinkwiesel.de\u00a0<\/a><\/p>\n<\/div>\n\n\n\n<div class=\"wp-block-column is-layout-flow wp-block-column-is-layout-flow\" style=\"flex-basis:33.33%\">\n<figure class=\"wp-block-image size-large\"><img fetchpriority=\"high\" decoding=\"async\" width=\"683\" height=\"1024\" src=\"https:\/\/digithalia.buehnen-graz.com\/wp-content\/uploads\/2024\/02\/Hanke-Wilsmann_Jost-von-Harlessem_Konsole_c_Johanna-Lamprecht_004-683x1024.jpg\" alt=\"\" class=\"wp-image-383\" srcset=\"https:\/\/digithalia.buehnen-graz.com\/wp-content\/uploads\/2024\/02\/Hanke-Wilsmann_Jost-von-Harlessem_Konsole_c_Johanna-Lamprecht_004-683x1024.jpg 683w, https:\/\/digithalia.buehnen-graz.com\/wp-content\/uploads\/2024\/02\/Hanke-Wilsmann_Jost-von-Harlessem_Konsole_c_Johanna-Lamprecht_004-200x300.jpg 200w, https:\/\/digithalia.buehnen-graz.com\/wp-content\/uploads\/2024\/02\/Hanke-Wilsmann_Jost-von-Harlessem_Konsole_c_Johanna-Lamprecht_004-768x1152.jpg 768w, https:\/\/digithalia.buehnen-graz.com\/wp-content\/uploads\/2024\/02\/Hanke-Wilsmann_Jost-von-Harlessem_Konsole_c_Johanna-Lamprecht_004-1024x1536.jpg 1024w, https:\/\/digithalia.buehnen-graz.com\/wp-content\/uploads\/2024\/02\/Hanke-Wilsmann_Jost-von-Harlessem_Konsole_c_Johanna-Lamprecht_004-1366x2048.jpg 1366w, https:\/\/digithalia.buehnen-graz.com\/wp-content\/uploads\/2024\/02\/Hanke-Wilsmann_Jost-von-Harlessem_Konsole_c_Johanna-Lamprecht_004-370x555.jpg 370w, https:\/\/digithalia.buehnen-graz.com\/wp-content\/uploads\/2024\/02\/Hanke-Wilsmann_Jost-von-Harlessem_Konsole_c_Johanna-Lamprecht_004-840x1260.jpg 840w, https:\/\/digithalia.buehnen-graz.com\/wp-content\/uploads\/2024\/02\/Hanke-Wilsmann_Jost-von-Harlessem_Konsole_c_Johanna-Lamprecht_004-410x615.jpg 410w, https:\/\/digithalia.buehnen-graz.com\/wp-content\/uploads\/2024\/02\/Hanke-Wilsmann_Jost-von-Harlessem_Konsole_c_Johanna-Lamprecht_004.jpg 1467w\" sizes=\"(max-width: 683px) 100vw, 683px\" \/><\/figure>\n<\/div>\n<\/div>\n\n\n\n<div style=\"height:50px\" aria-hidden=\"true\" class=\"wp-block-spacer\"><\/div>\n\n\n\n<figure class=\"wp-block-gallery has-nested-images columns-default is-cropped wp-block-gallery-1 is-layout-flex wp-block-gallery-is-layout-flex\">\n<figure data-wp-context=\"{&quot;imageId&quot;:&quot;69fdd7d3499d4&quot;}\" data-wp-interactive=\"core\/image\" class=\"wp-block-image size-large wp-lightbox-container\"><img decoding=\"async\" width=\"1024\" height=\"683\" data-wp-class--hide=\"state.isContentHidden\" data-wp-class--show=\"state.isContentVisible\" data-wp-init=\"callbacks.setButtonStyles\" data-wp-on-async--click=\"actions.showLightbox\" data-wp-on-async--load=\"callbacks.setButtonStyles\" data-wp-on-async-window--resize=\"callbacks.setButtonStyles\" data-id=\"388\" src=\"https:\/\/digithalia.buehnen-graz.com\/wp-content\/uploads\/2024\/02\/Hanke-Wilsmann_Konsole_c_Johanna-Lamprecht_050-1024x683.jpg\" alt=\"\" class=\"wp-image-388\" srcset=\"https:\/\/digithalia.buehnen-graz.com\/wp-content\/uploads\/2024\/02\/Hanke-Wilsmann_Konsole_c_Johanna-Lamprecht_050-1024x683.jpg 1024w, https:\/\/digithalia.buehnen-graz.com\/wp-content\/uploads\/2024\/02\/Hanke-Wilsmann_Konsole_c_Johanna-Lamprecht_050-300x200.jpg 300w, https:\/\/digithalia.buehnen-graz.com\/wp-content\/uploads\/2024\/02\/Hanke-Wilsmann_Konsole_c_Johanna-Lamprecht_050-768x512.jpg 768w, https:\/\/digithalia.buehnen-graz.com\/wp-content\/uploads\/2024\/02\/Hanke-Wilsmann_Konsole_c_Johanna-Lamprecht_050-1536x1024.jpg 1536w, https:\/\/digithalia.buehnen-graz.com\/wp-content\/uploads\/2024\/02\/Hanke-Wilsmann_Konsole_c_Johanna-Lamprecht_050-2048x1366.jpg 2048w, https:\/\/digithalia.buehnen-graz.com\/wp-content\/uploads\/2024\/02\/Hanke-Wilsmann_Konsole_c_Johanna-Lamprecht_050-370x247.jpg 370w, https:\/\/digithalia.buehnen-graz.com\/wp-content\/uploads\/2024\/02\/Hanke-Wilsmann_Konsole_c_Johanna-Lamprecht_050-840x560.jpg 840w, https:\/\/digithalia.buehnen-graz.com\/wp-content\/uploads\/2024\/02\/Hanke-Wilsmann_Konsole_c_Johanna-Lamprecht_050-410x273.jpg 410w\" sizes=\"(max-width: 1024px) 100vw, 1024px\" \/><button\n\t\t\tclass=\"lightbox-trigger\"\n\t\t\ttype=\"button\"\n\t\t\taria-haspopup=\"dialog\"\n\t\t\taria-label=\"Enlarge\"\n\t\t\tdata-wp-init=\"callbacks.initTriggerButton\"\n\t\t\tdata-wp-on-async--click=\"actions.showLightbox\"\n\t\t\tdata-wp-style--right=\"state.imageButtonRight\"\n\t\t\tdata-wp-style--top=\"state.imageButtonTop\"\n\t\t>\n\t\t\t<svg xmlns=\"http:\/\/www.w3.org\/2000\/svg\" width=\"12\" height=\"12\" fill=\"none\" viewbox=\"0 0 12 12\">\n\t\t\t\t<path fill=\"#fff\" d=\"M2 0a2 2 0 0 0-2 2v2h1.5V2a.5.5 0 0 1 .5-.5h2V0H2Zm2 10.5H2a.5.5 0 0 1-.5-.5V8H0v2a2 2 0 0 0 2 2h2v-1.5ZM8 12v-1.5h2a.5.5 0 0 0 .5-.5V8H12v2a2 2 0 0 1-2 2H8Zm2-12a2 2 0 0 1 2 2v2h-1.5V2a.5.5 0 0 0-.5-.5H8V0h2Z\" \/>\n\t\t\t<\/svg>\n\t\t<\/button><\/figure>\n\n\n\n<figure data-wp-context=\"{&quot;imageId&quot;:&quot;69fdd7d34a8bd&quot;}\" data-wp-interactive=\"core\/image\" class=\"wp-block-image size-large wp-lightbox-container\"><img decoding=\"async\" width=\"683\" height=\"1024\" data-wp-class--hide=\"state.isContentHidden\" data-wp-class--show=\"state.isContentVisible\" data-wp-init=\"callbacks.setButtonStyles\" data-wp-on-async--click=\"actions.showLightbox\" data-wp-on-async--load=\"callbacks.setButtonStyles\" data-wp-on-async-window--resize=\"callbacks.setButtonStyles\" data-id=\"391\" src=\"https:\/\/digithalia.buehnen-graz.com\/wp-content\/uploads\/2024\/02\/Hanke-Wilsmann_Konsole_c_Johanna-Lamprecht_075-683x1024.jpg\" alt=\"\" class=\"wp-image-391\" srcset=\"https:\/\/digithalia.buehnen-graz.com\/wp-content\/uploads\/2024\/02\/Hanke-Wilsmann_Konsole_c_Johanna-Lamprecht_075-683x1024.jpg 683w, https:\/\/digithalia.buehnen-graz.com\/wp-content\/uploads\/2024\/02\/Hanke-Wilsmann_Konsole_c_Johanna-Lamprecht_075-200x300.jpg 200w, https:\/\/digithalia.buehnen-graz.com\/wp-content\/uploads\/2024\/02\/Hanke-Wilsmann_Konsole_c_Johanna-Lamprecht_075-768x1152.jpg 768w, https:\/\/digithalia.buehnen-graz.com\/wp-content\/uploads\/2024\/02\/Hanke-Wilsmann_Konsole_c_Johanna-Lamprecht_075-1024x1536.jpg 1024w, https:\/\/digithalia.buehnen-graz.com\/wp-content\/uploads\/2024\/02\/Hanke-Wilsmann_Konsole_c_Johanna-Lamprecht_075-1366x2048.jpg 1366w, https:\/\/digithalia.buehnen-graz.com\/wp-content\/uploads\/2024\/02\/Hanke-Wilsmann_Konsole_c_Johanna-Lamprecht_075-370x555.jpg 370w, https:\/\/digithalia.buehnen-graz.com\/wp-content\/uploads\/2024\/02\/Hanke-Wilsmann_Konsole_c_Johanna-Lamprecht_075-840x1260.jpg 840w, https:\/\/digithalia.buehnen-graz.com\/wp-content\/uploads\/2024\/02\/Hanke-Wilsmann_Konsole_c_Johanna-Lamprecht_075-410x615.jpg 410w, https:\/\/digithalia.buehnen-graz.com\/wp-content\/uploads\/2024\/02\/Hanke-Wilsmann_Konsole_c_Johanna-Lamprecht_075.jpg 1467w\" sizes=\"(max-width: 683px) 100vw, 683px\" \/><button\n\t\t\tclass=\"lightbox-trigger\"\n\t\t\ttype=\"button\"\n\t\t\taria-haspopup=\"dialog\"\n\t\t\taria-label=\"Enlarge\"\n\t\t\tdata-wp-init=\"callbacks.initTriggerButton\"\n\t\t\tdata-wp-on-async--click=\"actions.showLightbox\"\n\t\t\tdata-wp-style--right=\"state.imageButtonRight\"\n\t\t\tdata-wp-style--top=\"state.imageButtonTop\"\n\t\t>\n\t\t\t<svg xmlns=\"http:\/\/www.w3.org\/2000\/svg\" width=\"12\" height=\"12\" fill=\"none\" viewbox=\"0 0 12 12\">\n\t\t\t\t<path fill=\"#fff\" d=\"M2 0a2 2 0 0 0-2 2v2h1.5V2a.5.5 0 0 1 .5-.5h2V0H2Zm2 10.5H2a.5.5 0 0 1-.5-.5V8H0v2a2 2 0 0 0 2 2h2v-1.5ZM8 12v-1.5h2a.5.5 0 0 0 .5-.5V8H12v2a2 2 0 0 1-2 2H8Zm2-12a2 2 0 0 1 2 2v2h-1.5V2a.5.5 0 0 0-.5-.5H8V0h2Z\" \/>\n\t\t\t<\/svg>\n\t\t<\/button><\/figure>\n\n\n\n<figure data-wp-context=\"{&quot;imageId&quot;:&quot;69fdd7d34b73d&quot;}\" data-wp-interactive=\"core\/image\" class=\"wp-block-image size-large wp-lightbox-container\"><img loading=\"lazy\" decoding=\"async\" width=\"683\" height=\"1024\" data-wp-class--hide=\"state.isContentHidden\" data-wp-class--show=\"state.isContentVisible\" data-wp-init=\"callbacks.setButtonStyles\" data-wp-on-async--click=\"actions.showLightbox\" data-wp-on-async--load=\"callbacks.setButtonStyles\" data-wp-on-async-window--resize=\"callbacks.setButtonStyles\" data-id=\"386\" src=\"https:\/\/digithalia.buehnen-graz.com\/wp-content\/uploads\/2024\/02\/Konsole_c_Johanna-Lamprecht_122-683x1024.jpg\" alt=\"\" class=\"wp-image-386\" srcset=\"https:\/\/digithalia.buehnen-graz.com\/wp-content\/uploads\/2024\/02\/Konsole_c_Johanna-Lamprecht_122-683x1024.jpg 683w, https:\/\/digithalia.buehnen-graz.com\/wp-content\/uploads\/2024\/02\/Konsole_c_Johanna-Lamprecht_122-200x300.jpg 200w, https:\/\/digithalia.buehnen-graz.com\/wp-content\/uploads\/2024\/02\/Konsole_c_Johanna-Lamprecht_122-768x1152.jpg 768w, https:\/\/digithalia.buehnen-graz.com\/wp-content\/uploads\/2024\/02\/Konsole_c_Johanna-Lamprecht_122-1024x1536.jpg 1024w, https:\/\/digithalia.buehnen-graz.com\/wp-content\/uploads\/2024\/02\/Konsole_c_Johanna-Lamprecht_122-1366x2048.jpg 1366w, https:\/\/digithalia.buehnen-graz.com\/wp-content\/uploads\/2024\/02\/Konsole_c_Johanna-Lamprecht_122-370x555.jpg 370w, https:\/\/digithalia.buehnen-graz.com\/wp-content\/uploads\/2024\/02\/Konsole_c_Johanna-Lamprecht_122-840x1260.jpg 840w, https:\/\/digithalia.buehnen-graz.com\/wp-content\/uploads\/2024\/02\/Konsole_c_Johanna-Lamprecht_122-410x615.jpg 410w, https:\/\/digithalia.buehnen-graz.com\/wp-content\/uploads\/2024\/02\/Konsole_c_Johanna-Lamprecht_122.jpg 1467w\" sizes=\"(max-width: 683px) 100vw, 683px\" \/><button\n\t\t\tclass=\"lightbox-trigger\"\n\t\t\ttype=\"button\"\n\t\t\taria-haspopup=\"dialog\"\n\t\t\taria-label=\"Enlarge\"\n\t\t\tdata-wp-init=\"callbacks.initTriggerButton\"\n\t\t\tdata-wp-on-async--click=\"actions.showLightbox\"\n\t\t\tdata-wp-style--right=\"state.imageButtonRight\"\n\t\t\tdata-wp-style--top=\"state.imageButtonTop\"\n\t\t>\n\t\t\t<svg xmlns=\"http:\/\/www.w3.org\/2000\/svg\" width=\"12\" height=\"12\" fill=\"none\" viewbox=\"0 0 12 12\">\n\t\t\t\t<path fill=\"#fff\" d=\"M2 0a2 2 0 0 0-2 2v2h1.5V2a.5.5 0 0 1 .5-.5h2V0H2Zm2 10.5H2a.5.5 0 0 1-.5-.5V8H0v2a2 2 0 0 0 2 2h2v-1.5ZM8 12v-1.5h2a.5.5 0 0 0 .5-.5V8H12v2a2 2 0 0 1-2 2H8Zm2-12a2 2 0 0 1 2 2v2h-1.5V2a.5.5 0 0 0-.5-.5H8V0h2Z\" \/>\n\t\t\t<\/svg>\n\t\t<\/button><\/figure>\n<\/figure>","protected":false},"excerpt":{"rendered":"<p>F. Wiesel Seit der Spielzeit 2023\/24 untersucht das Duo F. Wiesel als Artists-in-Residence in der KONSOLE des Schauspielhauses digitale Erz\u00e4hl- und Theaterformen. Sie erkunden die M\u00f6glichkeiten virtueller R\u00e4ume und experimentieren&hellip;<\/p>","protected":false},"author":2,"featured_media":0,"parent":0,"menu_order":0,"comment_status":"closed","ping_status":"closed","template":"","meta":{"footnotes":"","_links_to":"","_links_to_target":""},"class_list":["post-356","page","type-page","status-publish","hentry"],"yoast_head":"<!-- This site is optimized with the Yoast SEO plugin v26.2 - https:\/\/yoast.com\/wordpress\/plugins\/seo\/ -->\n<title>F. Wiesel - Digithalia<\/title>\n<meta name=\"robots\" content=\"index, follow, max-snippet:-1, max-image-preview:large, max-video-preview:-1\" \/>\n<link rel=\"canonical\" href=\"https:\/\/digithalia.buehnen-graz.com\/en\/f-wiesel\/\" \/>\n<meta property=\"og:locale\" content=\"en_GB\" \/>\n<meta property=\"og:type\" content=\"article\" \/>\n<meta property=\"og:title\" content=\"F. Wiesel - Digithalia\" \/>\n<meta property=\"og:description\" content=\"F. Wiesel Seit der Spielzeit 2023\/24 untersucht das Duo F. Wiesel als Artists-in-Residence in der KONSOLE des Schauspielhauses digitale Erz\u00e4hl- und Theaterformen. Sie erkunden die M\u00f6glichkeiten virtueller R\u00e4ume und experimentieren&hellip;\" \/>\n<meta property=\"og:url\" content=\"https:\/\/digithalia.buehnen-graz.com\/en\/f-wiesel\/\" \/>\n<meta property=\"og:site_name\" content=\"Digithalia\" \/>\n<meta property=\"article:modified_time\" content=\"2024-02-08T19:57:25+00:00\" \/>\n<meta property=\"og:image\" content=\"https:\/\/digithalia.buehnen-graz.com\/wp-content\/uploads\/2024\/02\/Hanke-Wilsmann_Jost-von-Harlessem_Konsole_c_Johanna-Lamprecht_004-683x1024.jpg\" \/>\n<meta name=\"twitter:card\" content=\"summary_large_image\" \/>\n<meta name=\"twitter:label1\" content=\"Est. reading time\" \/>\n\t<meta name=\"twitter:data1\" content=\"3 minutes\" \/>\n<script type=\"application\/ld+json\" class=\"yoast-schema-graph\">{\"@context\":\"https:\/\/schema.org\",\"@graph\":[{\"@type\":\"WebPage\",\"@id\":\"https:\/\/digithalia.buehnen-graz.com\/f-wiesel\/\",\"url\":\"https:\/\/digithalia.buehnen-graz.com\/f-wiesel\/\",\"name\":\"F. Wiesel - Digithalia\",\"isPartOf\":{\"@id\":\"https:\/\/digithalia.buehnen-graz.com\/#website\"},\"primaryImageOfPage\":{\"@id\":\"https:\/\/digithalia.buehnen-graz.com\/f-wiesel\/#primaryimage\"},\"image\":{\"@id\":\"https:\/\/digithalia.buehnen-graz.com\/f-wiesel\/#primaryimage\"},\"thumbnailUrl\":\"https:\/\/digithalia.buehnen-graz.com\/wp-content\/uploads\/2024\/02\/Hanke-Wilsmann_Jost-von-Harlessem_Konsole_c_Johanna-Lamprecht_004-683x1024.jpg\",\"datePublished\":\"2024-02-01T11:46:58+00:00\",\"dateModified\":\"2024-02-08T19:57:25+00:00\",\"breadcrumb\":{\"@id\":\"https:\/\/digithalia.buehnen-graz.com\/f-wiesel\/#breadcrumb\"},\"inLanguage\":\"en-GB\",\"potentialAction\":[{\"@type\":\"ReadAction\",\"target\":[\"https:\/\/digithalia.buehnen-graz.com\/f-wiesel\/\"]}]},{\"@type\":\"ImageObject\",\"inLanguage\":\"en-GB\",\"@id\":\"https:\/\/digithalia.buehnen-graz.com\/f-wiesel\/#primaryimage\",\"url\":\"https:\/\/digithalia.buehnen-graz.com\/wp-content\/uploads\/2024\/02\/Hanke-Wilsmann_Jost-von-Harlessem_Konsole_c_Johanna-Lamprecht_004-683x1024.jpg\",\"contentUrl\":\"https:\/\/digithalia.buehnen-graz.com\/wp-content\/uploads\/2024\/02\/Hanke-Wilsmann_Jost-von-Harlessem_Konsole_c_Johanna-Lamprecht_004-683x1024.jpg\"},{\"@type\":\"BreadcrumbList\",\"@id\":\"https:\/\/digithalia.buehnen-graz.com\/f-wiesel\/#breadcrumb\",\"itemListElement\":[{\"@type\":\"ListItem\",\"position\":1,\"name\":\"Home\",\"item\":\"https:\/\/digithalia.buehnen-graz.com\/\"},{\"@type\":\"ListItem\",\"position\":2,\"name\":\"F. Wiesel\"}]},{\"@type\":\"WebSite\",\"@id\":\"https:\/\/digithalia.buehnen-graz.com\/#website\",\"url\":\"https:\/\/digithalia.buehnen-graz.com\/\",\"name\":\"Digithalia\",\"description\":\"\",\"publisher\":{\"@id\":\"https:\/\/digithalia.buehnen-graz.com\/#organization\"},\"potentialAction\":[{\"@type\":\"SearchAction\",\"target\":{\"@type\":\"EntryPoint\",\"urlTemplate\":\"https:\/\/digithalia.buehnen-graz.com\/?s={search_term_string}\"},\"query-input\":{\"@type\":\"PropertyValueSpecification\",\"valueRequired\":true,\"valueName\":\"search_term_string\"}}],\"inLanguage\":\"en-GB\"},{\"@type\":\"Organization\",\"@id\":\"https:\/\/digithalia.buehnen-graz.com\/#organization\",\"name\":\"Digithalia\",\"url\":\"https:\/\/digithalia.buehnen-graz.com\/\",\"logo\":{\"@type\":\"ImageObject\",\"inLanguage\":\"en-GB\",\"@id\":\"https:\/\/digithalia.buehnen-graz.com\/#\/schema\/logo\/image\/\",\"url\":\"https:\/\/digithalia.buehnen-graz.com\/wp-content\/uploads\/2025\/06\/cropped-Digithalia_WEB_Logo_SMALL.png\",\"contentUrl\":\"https:\/\/digithalia.buehnen-graz.com\/wp-content\/uploads\/2025\/06\/cropped-Digithalia_WEB_Logo_SMALL.png\",\"width\":5000,\"height\":1201,\"caption\":\"Digithalia\"},\"image\":{\"@id\":\"https:\/\/digithalia.buehnen-graz.com\/#\/schema\/logo\/image\/\"}}]}<\/script>\n<!-- \/ Yoast SEO plugin. -->","yoast_head_json":{"title":"F. Wiesel - Digithalia","robots":{"index":"index","follow":"follow","max-snippet":"max-snippet:-1","max-image-preview":"max-image-preview:large","max-video-preview":"max-video-preview:-1"},"canonical":"https:\/\/digithalia.buehnen-graz.com\/en\/f-wiesel\/","og_locale":"en_GB","og_type":"article","og_title":"F. Wiesel - Digithalia","og_description":"F. Wiesel Seit der Spielzeit 2023\/24 untersucht das Duo F. Wiesel als Artists-in-Residence in der KONSOLE des Schauspielhauses digitale Erz\u00e4hl- und Theaterformen. Sie erkunden die M\u00f6glichkeiten virtueller R\u00e4ume und experimentieren&hellip;","og_url":"https:\/\/digithalia.buehnen-graz.com\/en\/f-wiesel\/","og_site_name":"Digithalia","article_modified_time":"2024-02-08T19:57:25+00:00","og_image":[{"url":"https:\/\/digithalia.buehnen-graz.com\/wp-content\/uploads\/2024\/02\/Hanke-Wilsmann_Jost-von-Harlessem_Konsole_c_Johanna-Lamprecht_004-683x1024.jpg","type":"","width":"","height":""}],"twitter_card":"summary_large_image","twitter_misc":{"Est. reading time":"3 minutes"},"schema":{"@context":"https:\/\/schema.org","@graph":[{"@type":"WebPage","@id":"https:\/\/digithalia.buehnen-graz.com\/f-wiesel\/","url":"https:\/\/digithalia.buehnen-graz.com\/f-wiesel\/","name":"F. Wiesel - Digithalia","isPartOf":{"@id":"https:\/\/digithalia.buehnen-graz.com\/#website"},"primaryImageOfPage":{"@id":"https:\/\/digithalia.buehnen-graz.com\/f-wiesel\/#primaryimage"},"image":{"@id":"https:\/\/digithalia.buehnen-graz.com\/f-wiesel\/#primaryimage"},"thumbnailUrl":"https:\/\/digithalia.buehnen-graz.com\/wp-content\/uploads\/2024\/02\/Hanke-Wilsmann_Jost-von-Harlessem_Konsole_c_Johanna-Lamprecht_004-683x1024.jpg","datePublished":"2024-02-01T11:46:58+00:00","dateModified":"2024-02-08T19:57:25+00:00","breadcrumb":{"@id":"https:\/\/digithalia.buehnen-graz.com\/f-wiesel\/#breadcrumb"},"inLanguage":"en-GB","potentialAction":[{"@type":"ReadAction","target":["https:\/\/digithalia.buehnen-graz.com\/f-wiesel\/"]}]},{"@type":"ImageObject","inLanguage":"en-GB","@id":"https:\/\/digithalia.buehnen-graz.com\/f-wiesel\/#primaryimage","url":"https:\/\/digithalia.buehnen-graz.com\/wp-content\/uploads\/2024\/02\/Hanke-Wilsmann_Jost-von-Harlessem_Konsole_c_Johanna-Lamprecht_004-683x1024.jpg","contentUrl":"https:\/\/digithalia.buehnen-graz.com\/wp-content\/uploads\/2024\/02\/Hanke-Wilsmann_Jost-von-Harlessem_Konsole_c_Johanna-Lamprecht_004-683x1024.jpg"},{"@type":"BreadcrumbList","@id":"https:\/\/digithalia.buehnen-graz.com\/f-wiesel\/#breadcrumb","itemListElement":[{"@type":"ListItem","position":1,"name":"Home","item":"https:\/\/digithalia.buehnen-graz.com\/"},{"@type":"ListItem","position":2,"name":"F. Wiesel"}]},{"@type":"WebSite","@id":"https:\/\/digithalia.buehnen-graz.com\/#website","url":"https:\/\/digithalia.buehnen-graz.com\/","name":"Digithalia","description":"","publisher":{"@id":"https:\/\/digithalia.buehnen-graz.com\/#organization"},"potentialAction":[{"@type":"SearchAction","target":{"@type":"EntryPoint","urlTemplate":"https:\/\/digithalia.buehnen-graz.com\/?s={search_term_string}"},"query-input":{"@type":"PropertyValueSpecification","valueRequired":true,"valueName":"search_term_string"}}],"inLanguage":"en-GB"},{"@type":"Organization","@id":"https:\/\/digithalia.buehnen-graz.com\/#organization","name":"Digithalia","url":"https:\/\/digithalia.buehnen-graz.com\/","logo":{"@type":"ImageObject","inLanguage":"en-GB","@id":"https:\/\/digithalia.buehnen-graz.com\/#\/schema\/logo\/image\/","url":"https:\/\/digithalia.buehnen-graz.com\/wp-content\/uploads\/2025\/06\/cropped-Digithalia_WEB_Logo_SMALL.png","contentUrl":"https:\/\/digithalia.buehnen-graz.com\/wp-content\/uploads\/2025\/06\/cropped-Digithalia_WEB_Logo_SMALL.png","width":5000,"height":1201,"caption":"Digithalia"},"image":{"@id":"https:\/\/digithalia.buehnen-graz.com\/#\/schema\/logo\/image\/"}}]}},"_links":{"self":[{"href":"https:\/\/digithalia.buehnen-graz.com\/en\/wp-json\/wp\/v2\/pages\/356","targetHints":{"allow":["GET"]}}],"collection":[{"href":"https:\/\/digithalia.buehnen-graz.com\/en\/wp-json\/wp\/v2\/pages"}],"about":[{"href":"https:\/\/digithalia.buehnen-graz.com\/en\/wp-json\/wp\/v2\/types\/page"}],"author":[{"embeddable":true,"href":"https:\/\/digithalia.buehnen-graz.com\/en\/wp-json\/wp\/v2\/users\/2"}],"replies":[{"embeddable":true,"href":"https:\/\/digithalia.buehnen-graz.com\/en\/wp-json\/wp\/v2\/comments?post=356"}],"version-history":[{"count":11,"href":"https:\/\/digithalia.buehnen-graz.com\/en\/wp-json\/wp\/v2\/pages\/356\/revisions"}],"predecessor-version":[{"id":841,"href":"https:\/\/digithalia.buehnen-graz.com\/en\/wp-json\/wp\/v2\/pages\/356\/revisions\/841"}],"wp:attachment":[{"href":"https:\/\/digithalia.buehnen-graz.com\/en\/wp-json\/wp\/v2\/media?parent=356"}],"curies":[{"name":"wp","href":"https:\/\/api.w.org\/{rel}","templated":true}]}}