{"id":317,"date":"2024-01-31T18:13:16","date_gmt":"2024-01-31T17:13:16","guid":{"rendered":"https:\/\/digithalia.buehnen-graz.com\/?page_id=317"},"modified":"2024-02-13T15:44:06","modified_gmt":"2024-02-13T14:44:06","slug":"the-club-of-what-if","status":"publish","type":"page","link":"https:\/\/digithalia.buehnen-graz.com\/en\/produktionen-24\/the-club-of-what-if\/","title":{"rendered":"The Club of What If"},"content":{"rendered":"<h4 class=\"wp-block-heading has-text-align-right\"><strong><mark><strong><mark><strong><mark><mark style=\"background-color:#5b2182\" class=\"has-inline-color has-bg-color-color\">English\/German<\/mark><\/mark><\/strong><\/mark><\/strong><\/mark><\/strong><\/h4>\n\n\n\n<div class=\"wp-block-media-text is-stacked-on-mobile\"><figure class=\"wp-block-media-text__media\"><img fetchpriority=\"high\" decoding=\"async\" width=\"1024\" height=\"779\" src=\"https:\/\/digithalia.buehnen-graz.com\/wp-content\/uploads\/2024\/01\/clubofwhatif_club-1400x1065-1-1024x779.jpg\" alt=\"\" class=\"wp-image-319 size-full\" srcset=\"https:\/\/digithalia.buehnen-graz.com\/wp-content\/uploads\/2024\/01\/clubofwhatif_club-1400x1065-1-1024x779.jpg 1024w, https:\/\/digithalia.buehnen-graz.com\/wp-content\/uploads\/2024\/01\/clubofwhatif_club-1400x1065-1-300x228.jpg 300w, https:\/\/digithalia.buehnen-graz.com\/wp-content\/uploads\/2024\/01\/clubofwhatif_club-1400x1065-1-768x584.jpg 768w, https:\/\/digithalia.buehnen-graz.com\/wp-content\/uploads\/2024\/01\/clubofwhatif_club-1400x1065-1-370x281.jpg 370w, https:\/\/digithalia.buehnen-graz.com\/wp-content\/uploads\/2024\/01\/clubofwhatif_club-1400x1065-1-840x639.jpg 840w, https:\/\/digithalia.buehnen-graz.com\/wp-content\/uploads\/2024\/01\/clubofwhatif_club-1400x1065-1-410x312.jpg 410w, https:\/\/digithalia.buehnen-graz.com\/wp-content\/uploads\/2024\/01\/clubofwhatif_club-1400x1065-1.jpg 1400w\" sizes=\"(max-width: 1024px) 100vw, 1024px\" \/><\/figure><div class=\"wp-block-media-text__content\">\n<h3><em>Salon<\/em><\/h3>\n<h5><a href=\"https:\/\/ticketzentrum.buehnen-graz.com\/Shop?eid=30649\" target=\"_blank\" rel=\"noopener\">16.03.2024, 14.00, Tickets<\/a><\/h5>\n<h3>\u00a0<\/h3>\n<\/div><\/div>\n\n\n\n<h1 class=\"wp-block-heading\">The Club of What If<\/h1>\n\n\n\n<p>by The Club of What If [Frankfurt]<br><strong>Games afternoon in German and English<\/strong><br>4 hours<\/p>\n\n\n\n<div style=\"height:20px\" aria-hidden=\"true\" class=\"wp-block-spacer\"><\/div>\n\n\n<div class=\"ewa-rteLine\">\n<div class=\"ewa-rteLine\">\n<div class=\"ewa-rteLine\">\n<div class=\"ewa-rteLine\">We all phantasise. But rarely attribute any value to it, especially if nothing comes of it, like for e.g. a solution, a film, or a theatre piece. The Club of What If is a research community for game formats such as worldbuilding, fictioning and fabulation games, as well as other similar formats which require the use of a collective imagination act - all this for the sake of the experience itself. The club plays these games in the tradition of the analog pen and paper games and thereby explores the eventual connections to other creative formats such as choreography. It searches for narratives within established fantasy cliches and trials how the practice of mutual fictionings could seemingly alter the world around us.<\/div>\n<div>\u00a0<\/div>\n<div class=\"ewa-rteLine\">The club presents game developments by some of its members and invites you to play.<\/div>\n<div class=\"ewa-rteLine\">\u00a0<\/div>\n<div class=\"ewa-rteLine\">\u00a0<\/div>\n<\/div>\n<\/div>\n<\/div>\n<div class=\"ewa-rteLine\">\u00a0<\/div>\n<div class=\"ewa-rteLine\">\n<div class=\"ewa-rteLine\"><strong>by and with:<\/strong> Tilman Aum\u00fcller, Christopher Krause, Zuzana \u017dabkov\u00e1 [Frankfurt]<\/div>\n<\/div>\n<div>\u00a0<\/div>\n<div>\u00a0<\/div>\n<div><strong>Tickets sind ausschlie\u00dflich online und nur im Vorverkauf erh\u00e4ltlich!<\/strong><\/div>\n<div class=\"ewa-rteLine\">\u00a0<\/div>","protected":false},"excerpt":{"rendered":"<p>Deutsch\/Englisch Salon 16.03.2024, 14.00 Uhr, Tickets \u00a0 The Club of What If von The Club of What If [Frankfurt]Spielenachmittag in deutscher und englischer Sprache4 Stunden Fantasieren tun wir alle. Aber&hellip;<\/p>","protected":false},"author":3,"featured_media":0,"parent":75,"menu_order":0,"comment_status":"closed","ping_status":"closed","template":"","meta":{"footnotes":"","_links_to":"","_links_to_target":""},"class_list":["post-317","page","type-page","status-publish","hentry"],"yoast_head":"<!-- This site is optimized with the Yoast SEO plugin v26.2 - https:\/\/yoast.com\/wordpress\/plugins\/seo\/ -->\n<title>The Club of What If - Digithalia<\/title>\n<meta name=\"robots\" content=\"index, follow, max-snippet:-1, max-image-preview:large, max-video-preview:-1\" \/>\n<link rel=\"canonical\" href=\"https:\/\/digithalia.buehnen-graz.com\/en\/produktionen-24\/the-club-of-what-if\/\" \/>\n<meta property=\"og:locale\" content=\"en_GB\" \/>\n<meta property=\"og:type\" content=\"article\" \/>\n<meta property=\"og:title\" content=\"The Club of What If - Digithalia\" \/>\n<meta property=\"og:description\" content=\"Deutsch\/Englisch Salon 16.03.2024, 14.00 Uhr, Tickets \u00a0 The Club of What If von The Club of What If [Frankfurt]Spielenachmittag in deutscher und englischer Sprache4 Stunden Fantasieren tun wir alle. Aber&hellip;\" \/>\n<meta property=\"og:url\" content=\"https:\/\/digithalia.buehnen-graz.com\/en\/produktionen-24\/the-club-of-what-if\/\" \/>\n<meta property=\"og:site_name\" content=\"Digithalia\" \/>\n<meta property=\"article:modified_time\" content=\"2024-02-13T14:44:06+00:00\" \/>\n<meta property=\"og:image\" content=\"https:\/\/digithalia.buehnen-graz.com\/wp-content\/uploads\/2024\/01\/clubofwhatif_club-1400x1065-1-1024x779.jpg\" \/>\n<meta name=\"twitter:card\" content=\"summary_large_image\" \/>\n<meta name=\"twitter:label1\" content=\"Est. reading time\" \/>\n\t<meta name=\"twitter:data1\" content=\"2 minutes\" \/>\n<script type=\"application\/ld+json\" class=\"yoast-schema-graph\">{\"@context\":\"https:\/\/schema.org\",\"@graph\":[{\"@type\":\"WebPage\",\"@id\":\"https:\/\/digithalia.buehnen-graz.com\/produktionen-24\/the-club-of-what-if\/\",\"url\":\"https:\/\/digithalia.buehnen-graz.com\/produktionen-24\/the-club-of-what-if\/\",\"name\":\"The Club of What If - Digithalia\",\"isPartOf\":{\"@id\":\"https:\/\/digithalia.buehnen-graz.com\/#website\"},\"primaryImageOfPage\":{\"@id\":\"https:\/\/digithalia.buehnen-graz.com\/produktionen-24\/the-club-of-what-if\/#primaryimage\"},\"image\":{\"@id\":\"https:\/\/digithalia.buehnen-graz.com\/produktionen-24\/the-club-of-what-if\/#primaryimage\"},\"thumbnailUrl\":\"https:\/\/digithalia.buehnen-graz.com\/wp-content\/uploads\/2024\/01\/clubofwhatif_club-1400x1065-1-1024x779.jpg\",\"datePublished\":\"2024-01-31T17:13:16+00:00\",\"dateModified\":\"2024-02-13T14:44:06+00:00\",\"breadcrumb\":{\"@id\":\"https:\/\/digithalia.buehnen-graz.com\/produktionen-24\/the-club-of-what-if\/#breadcrumb\"},\"inLanguage\":\"en-GB\",\"potentialAction\":[{\"@type\":\"ReadAction\",\"target\":[\"https:\/\/digithalia.buehnen-graz.com\/produktionen-24\/the-club-of-what-if\/\"]}]},{\"@type\":\"ImageObject\",\"inLanguage\":\"en-GB\",\"@id\":\"https:\/\/digithalia.buehnen-graz.com\/produktionen-24\/the-club-of-what-if\/#primaryimage\",\"url\":\"https:\/\/digithalia.buehnen-graz.com\/wp-content\/uploads\/2024\/01\/clubofwhatif_club-1400x1065-1-1024x779.jpg\",\"contentUrl\":\"https:\/\/digithalia.buehnen-graz.com\/wp-content\/uploads\/2024\/01\/clubofwhatif_club-1400x1065-1-1024x779.jpg\"},{\"@type\":\"BreadcrumbList\",\"@id\":\"https:\/\/digithalia.buehnen-graz.com\/produktionen-24\/the-club-of-what-if\/#breadcrumb\",\"itemListElement\":[{\"@type\":\"ListItem\",\"position\":1,\"name\":\"Home\",\"item\":\"https:\/\/digithalia.buehnen-graz.com\/\"},{\"@type\":\"ListItem\",\"position\":2,\"name\":\"Programm 2024\",\"item\":\"https:\/\/digithalia.buehnen-graz.com\/produktionen-24\/\"},{\"@type\":\"ListItem\",\"position\":3,\"name\":\"The Club of What If\"}]},{\"@type\":\"WebSite\",\"@id\":\"https:\/\/digithalia.buehnen-graz.com\/#website\",\"url\":\"https:\/\/digithalia.buehnen-graz.com\/\",\"name\":\"Digithalia\",\"description\":\"\",\"publisher\":{\"@id\":\"https:\/\/digithalia.buehnen-graz.com\/#organization\"},\"potentialAction\":[{\"@type\":\"SearchAction\",\"target\":{\"@type\":\"EntryPoint\",\"urlTemplate\":\"https:\/\/digithalia.buehnen-graz.com\/?s={search_term_string}\"},\"query-input\":{\"@type\":\"PropertyValueSpecification\",\"valueRequired\":true,\"valueName\":\"search_term_string\"}}],\"inLanguage\":\"en-GB\"},{\"@type\":\"Organization\",\"@id\":\"https:\/\/digithalia.buehnen-graz.com\/#organization\",\"name\":\"Digithalia\",\"url\":\"https:\/\/digithalia.buehnen-graz.com\/\",\"logo\":{\"@type\":\"ImageObject\",\"inLanguage\":\"en-GB\",\"@id\":\"https:\/\/digithalia.buehnen-graz.com\/#\/schema\/logo\/image\/\",\"url\":\"https:\/\/digithalia.buehnen-graz.com\/wp-content\/uploads\/2025\/06\/cropped-Digithalia_WEB_Logo_SMALL.png\",\"contentUrl\":\"https:\/\/digithalia.buehnen-graz.com\/wp-content\/uploads\/2025\/06\/cropped-Digithalia_WEB_Logo_SMALL.png\",\"width\":5000,\"height\":1201,\"caption\":\"Digithalia\"},\"image\":{\"@id\":\"https:\/\/digithalia.buehnen-graz.com\/#\/schema\/logo\/image\/\"}}]}<\/script>\n<!-- \/ Yoast SEO plugin. -->","yoast_head_json":{"title":"The Club of What If - Digithalia","robots":{"index":"index","follow":"follow","max-snippet":"max-snippet:-1","max-image-preview":"max-image-preview:large","max-video-preview":"max-video-preview:-1"},"canonical":"https:\/\/digithalia.buehnen-graz.com\/en\/produktionen-24\/the-club-of-what-if\/","og_locale":"en_GB","og_type":"article","og_title":"The Club of What If - Digithalia","og_description":"Deutsch\/Englisch Salon 16.03.2024, 14.00 Uhr, Tickets \u00a0 The Club of What If von The Club of What If [Frankfurt]Spielenachmittag in deutscher und englischer Sprache4 Stunden Fantasieren tun wir alle. Aber&hellip;","og_url":"https:\/\/digithalia.buehnen-graz.com\/en\/produktionen-24\/the-club-of-what-if\/","og_site_name":"Digithalia","article_modified_time":"2024-02-13T14:44:06+00:00","og_image":[{"url":"https:\/\/digithalia.buehnen-graz.com\/wp-content\/uploads\/2024\/01\/clubofwhatif_club-1400x1065-1-1024x779.jpg","type":"","width":"","height":""}],"twitter_card":"summary_large_image","twitter_misc":{"Est. reading time":"2 minutes"},"schema":{"@context":"https:\/\/schema.org","@graph":[{"@type":"WebPage","@id":"https:\/\/digithalia.buehnen-graz.com\/produktionen-24\/the-club-of-what-if\/","url":"https:\/\/digithalia.buehnen-graz.com\/produktionen-24\/the-club-of-what-if\/","name":"The Club of What If - Digithalia","isPartOf":{"@id":"https:\/\/digithalia.buehnen-graz.com\/#website"},"primaryImageOfPage":{"@id":"https:\/\/digithalia.buehnen-graz.com\/produktionen-24\/the-club-of-what-if\/#primaryimage"},"image":{"@id":"https:\/\/digithalia.buehnen-graz.com\/produktionen-24\/the-club-of-what-if\/#primaryimage"},"thumbnailUrl":"https:\/\/digithalia.buehnen-graz.com\/wp-content\/uploads\/2024\/01\/clubofwhatif_club-1400x1065-1-1024x779.jpg","datePublished":"2024-01-31T17:13:16+00:00","dateModified":"2024-02-13T14:44:06+00:00","breadcrumb":{"@id":"https:\/\/digithalia.buehnen-graz.com\/produktionen-24\/the-club-of-what-if\/#breadcrumb"},"inLanguage":"en-GB","potentialAction":[{"@type":"ReadAction","target":["https:\/\/digithalia.buehnen-graz.com\/produktionen-24\/the-club-of-what-if\/"]}]},{"@type":"ImageObject","inLanguage":"en-GB","@id":"https:\/\/digithalia.buehnen-graz.com\/produktionen-24\/the-club-of-what-if\/#primaryimage","url":"https:\/\/digithalia.buehnen-graz.com\/wp-content\/uploads\/2024\/01\/clubofwhatif_club-1400x1065-1-1024x779.jpg","contentUrl":"https:\/\/digithalia.buehnen-graz.com\/wp-content\/uploads\/2024\/01\/clubofwhatif_club-1400x1065-1-1024x779.jpg"},{"@type":"BreadcrumbList","@id":"https:\/\/digithalia.buehnen-graz.com\/produktionen-24\/the-club-of-what-if\/#breadcrumb","itemListElement":[{"@type":"ListItem","position":1,"name":"Home","item":"https:\/\/digithalia.buehnen-graz.com\/"},{"@type":"ListItem","position":2,"name":"Programm 2024","item":"https:\/\/digithalia.buehnen-graz.com\/produktionen-24\/"},{"@type":"ListItem","position":3,"name":"The Club of What If"}]},{"@type":"WebSite","@id":"https:\/\/digithalia.buehnen-graz.com\/#website","url":"https:\/\/digithalia.buehnen-graz.com\/","name":"Digithalia","description":"","publisher":{"@id":"https:\/\/digithalia.buehnen-graz.com\/#organization"},"potentialAction":[{"@type":"SearchAction","target":{"@type":"EntryPoint","urlTemplate":"https:\/\/digithalia.buehnen-graz.com\/?s={search_term_string}"},"query-input":{"@type":"PropertyValueSpecification","valueRequired":true,"valueName":"search_term_string"}}],"inLanguage":"en-GB"},{"@type":"Organization","@id":"https:\/\/digithalia.buehnen-graz.com\/#organization","name":"Digithalia","url":"https:\/\/digithalia.buehnen-graz.com\/","logo":{"@type":"ImageObject","inLanguage":"en-GB","@id":"https:\/\/digithalia.buehnen-graz.com\/#\/schema\/logo\/image\/","url":"https:\/\/digithalia.buehnen-graz.com\/wp-content\/uploads\/2025\/06\/cropped-Digithalia_WEB_Logo_SMALL.png","contentUrl":"https:\/\/digithalia.buehnen-graz.com\/wp-content\/uploads\/2025\/06\/cropped-Digithalia_WEB_Logo_SMALL.png","width":5000,"height":1201,"caption":"Digithalia"},"image":{"@id":"https:\/\/digithalia.buehnen-graz.com\/#\/schema\/logo\/image\/"}}]}},"_links":{"self":[{"href":"https:\/\/digithalia.buehnen-graz.com\/en\/wp-json\/wp\/v2\/pages\/317","targetHints":{"allow":["GET"]}}],"collection":[{"href":"https:\/\/digithalia.buehnen-graz.com\/en\/wp-json\/wp\/v2\/pages"}],"about":[{"href":"https:\/\/digithalia.buehnen-graz.com\/en\/wp-json\/wp\/v2\/types\/page"}],"author":[{"embeddable":true,"href":"https:\/\/digithalia.buehnen-graz.com\/en\/wp-json\/wp\/v2\/users\/3"}],"replies":[{"embeddable":true,"href":"https:\/\/digithalia.buehnen-graz.com\/en\/wp-json\/wp\/v2\/comments?post=317"}],"version-history":[{"count":14,"href":"https:\/\/digithalia.buehnen-graz.com\/en\/wp-json\/wp\/v2\/pages\/317\/revisions"}],"predecessor-version":[{"id":985,"href":"https:\/\/digithalia.buehnen-graz.com\/en\/wp-json\/wp\/v2\/pages\/317\/revisions\/985"}],"up":[{"embeddable":true,"href":"https:\/\/digithalia.buehnen-graz.com\/en\/wp-json\/wp\/v2\/pages\/75"}],"wp:attachment":[{"href":"https:\/\/digithalia.buehnen-graz.com\/en\/wp-json\/wp\/v2\/media?parent=317"}],"curies":[{"name":"wp","href":"https:\/\/api.w.org\/{rel}","templated":true}]}}