{"id":2150,"date":"2026-01-22T11:07:51","date_gmt":"2026-01-22T10:07:51","guid":{"rendered":"https:\/\/digithalia.buehnen-graz.com\/?page_id=2150"},"modified":"2026-01-22T13:07:48","modified_gmt":"2026-01-22T12:07:48","slug":"the-game-is-on-wie-gaming-unsere-welt-revolutioniert","status":"publish","type":"page","link":"https:\/\/digithalia.buehnen-graz.com\/en\/programm-2026\/the-game-is-on-wie-gaming-unsere-welt-revolutioniert\/","title":{"rendered":"The Game Is On \u2013 Wie Gaming unsere Welt revolutioniert"},"content":{"rendered":"<h4 class=\"wp-block-heading has-text-align-right\"><strong><mark style=\"background-color:#5b2182\" class=\"has-inline-color has-bg-color-color\">in German<\/mark><\/strong><\/h4>\n\n\n\n<div class=\"wp-block-media-text is-stacked-on-mobile\"><figure class=\"wp-block-media-text__media\"><img fetchpriority=\"high\" decoding=\"async\" width=\"1024\" height=\"683\" src=\"https:\/\/digithalia.buehnen-graz.com\/wp-content\/uploads\/2026\/01\/johanna_pirker_c_lunghammer-1024x683.jpg\" alt=\"\" class=\"wp-image-2159 size-full\" srcset=\"https:\/\/digithalia.buehnen-graz.com\/wp-content\/uploads\/2026\/01\/johanna_pirker_c_lunghammer-1024x683.jpg 1024w, https:\/\/digithalia.buehnen-graz.com\/wp-content\/uploads\/2026\/01\/johanna_pirker_c_lunghammer-300x200.jpg 300w, https:\/\/digithalia.buehnen-graz.com\/wp-content\/uploads\/2026\/01\/johanna_pirker_c_lunghammer-768x512.jpg 768w, https:\/\/digithalia.buehnen-graz.com\/wp-content\/uploads\/2026\/01\/johanna_pirker_c_lunghammer-1536x1024.jpg 1536w, https:\/\/digithalia.buehnen-graz.com\/wp-content\/uploads\/2026\/01\/johanna_pirker_c_lunghammer-2048x1365.jpg 2048w, https:\/\/digithalia.buehnen-graz.com\/wp-content\/uploads\/2026\/01\/johanna_pirker_c_lunghammer-18x12.jpg 18w, https:\/\/digithalia.buehnen-graz.com\/wp-content\/uploads\/2026\/01\/johanna_pirker_c_lunghammer-370x247.jpg 370w, https:\/\/digithalia.buehnen-graz.com\/wp-content\/uploads\/2026\/01\/johanna_pirker_c_lunghammer-840x560.jpg 840w, https:\/\/digithalia.buehnen-graz.com\/wp-content\/uploads\/2026\/01\/johanna_pirker_c_lunghammer-410x273.jpg 410w\" sizes=\"(max-width: 1024px) 100vw, 1024px\" \/><\/figure><div class=\"wp-block-media-text__content\">\n<h3 class=\"wp-block-heading\"><em>Konsole<\/em><\/h3>\n\n\n\n<h5 class=\"wp-block-heading\">25.03.2026, 18:30 Uhr<a href=\"https:\/\/ticketzentrum.buehnen-graz.com\/Shop?eid=30628\" target=\"_blank\" rel=\"noopener\"><\/a><a href=\"https:\/\/ticketzentrum.buehnen-graz.com\/Shop?eid=30629\" target=\"_blank\" rel=\"noopener\"><\/a><\/h5>\n\n\n\n<p><\/p>\n\n\n\n<p><\/p>\n\n\n\n<p><\/p>\n<\/div><\/div>\n\n\n\n<h1 class=\"wp-block-heading\">The Game Is On \u2013 Wie Gaming unsere Welt revolutioniert<\/h1>\n\n\n\n<p>Johanna Pirker [\u00d6sterreich]<br><strong>Keynote<\/strong><\/p>\n\n\n\n<p>40 minutes<\/p>\n\n\n\n<p>Digital technologies open up new spaces for experiences and storytelling \u2013 and games are among their most influential forms. In her keynote speech \u2018The Game Is On\u2019, based on her book of the same name, Johanna Pirker positions video games as a narrative medium that not only depicts social issues, but actively negotiates them.<\/p>\n\n\n\n<p>Based on her research into games, virtual and augmented reality, and artificial intelligence, Pirker shows how interactive game worlds open up new perspectives: they allow players to make decisions, take responsibility, explore alternative futures, and experience complex relationships both physically and emotionally. Games thus become social spaces in which community can develop, power relations become visible, and empathy can be practised.<\/p>\n\n\n\n<p>In the context of DIGITHALIA, the keynote address ties in with key festival questions: Who tells stories in digital spaces? Which bodies, voices and perspectives become visible \u2013 and which remain invisible? Pirker talks about games as art and cultural assets that mediate between technology, creativity and society, and about their potential for education, science and critical public discourse. She does not shy away from ambivalent aspects, but rather views gaming as a contested space in which progress, exclusion and new forms of resistance manifest themselves simultaneously.<br><\/p>\n\n\n\n<p>This keynote is an invitation to view games as a narrative practice on a par with theatre, film and literature, and to take digital gaming worlds seriously as places where we negotiate how we want to live together in the future.<br><br>Johanna Pirker (born 1988) is a computer scientist and, since July 2025, Professor of N-Dimensional User Experience at the TUM School of Computation, Information and Technology at the Technical University of Munich. Previously, she researched and taught at the Graz University of Technology, ETH Zurich and Ludwig Maximilian University of Munich, among others. She founded Game Lab Graz and worked for a time in the gaming industry, including at Electronic Arts. Pirker's research focuses on games, virtual and augmented reality, artificial intelligence, data analytics and EduTech. With her book \u2018The Game is On: How Gaming is Revolutionising Our World,\u2019 she advocates for the recognition of games as an art and cultural form.<\/p>\n\n\n\n<div style=\"height:30px\" aria-hidden=\"true\" class=\"wp-block-spacer\"><\/div>\n\n\n\n<p><strong>\u00bbThe Game is On: Wie Gaming unsere Welt revolutioniert\u00ab<\/strong><br>Johanna Pirker, Ecowing 2025<\/p>\n\n\n\n<figure class=\"wp-block-image size-large\"><img decoding=\"async\" width=\"1024\" height=\"693\" src=\"https:\/\/digithalia.buehnen-graz.com\/wp-content\/uploads\/2026\/01\/game-on-mockup-1-1024x693.png\" alt=\"\" class=\"wp-image-2162\" srcset=\"https:\/\/digithalia.buehnen-graz.com\/wp-content\/uploads\/2026\/01\/game-on-mockup-1-1024x693.png 1024w, https:\/\/digithalia.buehnen-graz.com\/wp-content\/uploads\/2026\/01\/game-on-mockup-1-300x203.png 300w, https:\/\/digithalia.buehnen-graz.com\/wp-content\/uploads\/2026\/01\/game-on-mockup-1-768x520.png 768w, https:\/\/digithalia.buehnen-graz.com\/wp-content\/uploads\/2026\/01\/game-on-mockup-1-1536x1040.png 1536w, https:\/\/digithalia.buehnen-graz.com\/wp-content\/uploads\/2026\/01\/game-on-mockup-1-2048x1386.png 2048w, https:\/\/digithalia.buehnen-graz.com\/wp-content\/uploads\/2026\/01\/game-on-mockup-1-18x12.png 18w, https:\/\/digithalia.buehnen-graz.com\/wp-content\/uploads\/2026\/01\/game-on-mockup-1-370x250.png 370w, https:\/\/digithalia.buehnen-graz.com\/wp-content\/uploads\/2026\/01\/game-on-mockup-1-840x569.png 840w, https:\/\/digithalia.buehnen-graz.com\/wp-content\/uploads\/2026\/01\/game-on-mockup-1-410x278.png 410w\" sizes=\"(max-width: 1024px) 100vw, 1024px\" \/><\/figure>","protected":false},"excerpt":{"rendered":"<p>in Deutsch Konsole 25.03.2026, 18:30 Uhr The Game Is On \u2013 Wie Gaming unsere Welt revolutioniert Johanna Pirker [\u00d6sterreich]Keynote 40 Minuten Digitale Technologien er\u00f6ffnen neue Erlebnis- und Erz\u00e4hlr\u00e4ume \u2013 und&hellip;<\/p>","protected":false},"author":2,"featured_media":0,"parent":1789,"menu_order":0,"comment_status":"closed","ping_status":"closed","template":"","meta":{"footnotes":"","_links_to":"","_links_to_target":""},"class_list":["post-2150","page","type-page","status-publish","hentry"],"yoast_head":"<!-- This site is optimized with the Yoast SEO plugin v26.2 - https:\/\/yoast.com\/wordpress\/plugins\/seo\/ -->\n<title>The Game Is On \u2013 Wie Gaming unsere Welt revolutioniert - Digithalia<\/title>\n<meta name=\"robots\" content=\"index, follow, max-snippet:-1, max-image-preview:large, max-video-preview:-1\" \/>\n<link rel=\"canonical\" href=\"https:\/\/digithalia.buehnen-graz.com\/en\/programm-2026\/the-game-is-on-wie-gaming-unsere-welt-revolutioniert\/\" \/>\n<meta property=\"og:locale\" content=\"en_GB\" \/>\n<meta property=\"og:type\" content=\"article\" \/>\n<meta property=\"og:title\" content=\"The Game Is On \u2013 Wie Gaming unsere Welt revolutioniert - Digithalia\" \/>\n<meta property=\"og:description\" content=\"in Deutsch Konsole 25.03.2026, 18:30 Uhr The Game Is On \u2013 Wie Gaming unsere Welt revolutioniert Johanna Pirker [\u00d6sterreich]Keynote 40 Minuten Digitale Technologien er\u00f6ffnen neue Erlebnis- und Erz\u00e4hlr\u00e4ume \u2013 und&hellip;\" \/>\n<meta property=\"og:url\" content=\"https:\/\/digithalia.buehnen-graz.com\/en\/programm-2026\/the-game-is-on-wie-gaming-unsere-welt-revolutioniert\/\" \/>\n<meta property=\"og:site_name\" content=\"Digithalia\" \/>\n<meta property=\"article:modified_time\" content=\"2026-01-22T12:07:48+00:00\" \/>\n<meta property=\"og:image\" content=\"https:\/\/digithalia.buehnen-graz.com\/wp-content\/uploads\/2026\/01\/johanna_pirker_c_lunghammer-scaled.jpg\" \/>\n\t<meta property=\"og:image:width\" content=\"2560\" \/>\n\t<meta property=\"og:image:height\" content=\"1707\" \/>\n\t<meta property=\"og:image:type\" content=\"image\/jpeg\" \/>\n<meta name=\"twitter:card\" content=\"summary_large_image\" \/>\n<meta name=\"twitter:label1\" content=\"Est. reading time\" \/>\n\t<meta name=\"twitter:data1\" content=\"3 minutes\" \/>\n<script type=\"application\/ld+json\" class=\"yoast-schema-graph\">{\"@context\":\"https:\/\/schema.org\",\"@graph\":[{\"@type\":\"WebPage\",\"@id\":\"https:\/\/digithalia.buehnen-graz.com\/programm-2026\/the-game-is-on-wie-gaming-unsere-welt-revolutioniert\/\",\"url\":\"https:\/\/digithalia.buehnen-graz.com\/programm-2026\/the-game-is-on-wie-gaming-unsere-welt-revolutioniert\/\",\"name\":\"The Game Is On \u2013 Wie Gaming unsere Welt revolutioniert - Digithalia\",\"isPartOf\":{\"@id\":\"https:\/\/digithalia.buehnen-graz.com\/#website\"},\"primaryImageOfPage\":{\"@id\":\"https:\/\/digithalia.buehnen-graz.com\/programm-2026\/the-game-is-on-wie-gaming-unsere-welt-revolutioniert\/#primaryimage\"},\"image\":{\"@id\":\"https:\/\/digithalia.buehnen-graz.com\/programm-2026\/the-game-is-on-wie-gaming-unsere-welt-revolutioniert\/#primaryimage\"},\"thumbnailUrl\":\"https:\/\/digithalia.buehnen-graz.com\/wp-content\/uploads\/2026\/01\/johanna_pirker_c_lunghammer-1024x683.jpg\",\"datePublished\":\"2026-01-22T10:07:51+00:00\",\"dateModified\":\"2026-01-22T12:07:48+00:00\",\"breadcrumb\":{\"@id\":\"https:\/\/digithalia.buehnen-graz.com\/programm-2026\/the-game-is-on-wie-gaming-unsere-welt-revolutioniert\/#breadcrumb\"},\"inLanguage\":\"en-GB\",\"potentialAction\":[{\"@type\":\"ReadAction\",\"target\":[\"https:\/\/digithalia.buehnen-graz.com\/programm-2026\/the-game-is-on-wie-gaming-unsere-welt-revolutioniert\/\"]}]},{\"@type\":\"ImageObject\",\"inLanguage\":\"en-GB\",\"@id\":\"https:\/\/digithalia.buehnen-graz.com\/programm-2026\/the-game-is-on-wie-gaming-unsere-welt-revolutioniert\/#primaryimage\",\"url\":\"https:\/\/digithalia.buehnen-graz.com\/wp-content\/uploads\/2026\/01\/johanna_pirker_c_lunghammer-1024x683.jpg\",\"contentUrl\":\"https:\/\/digithalia.buehnen-graz.com\/wp-content\/uploads\/2026\/01\/johanna_pirker_c_lunghammer-1024x683.jpg\"},{\"@type\":\"BreadcrumbList\",\"@id\":\"https:\/\/digithalia.buehnen-graz.com\/programm-2026\/the-game-is-on-wie-gaming-unsere-welt-revolutioniert\/#breadcrumb\",\"itemListElement\":[{\"@type\":\"ListItem\",\"position\":1,\"name\":\"Home\",\"item\":\"https:\/\/digithalia.buehnen-graz.com\/\"},{\"@type\":\"ListItem\",\"position\":2,\"name\":\"Programm 2026\",\"item\":\"https:\/\/digithalia.buehnen-graz.com\/programm-2026\/\"},{\"@type\":\"ListItem\",\"position\":3,\"name\":\"The Game Is On \u2013 Wie Gaming unsere Welt revolutioniert\"}]},{\"@type\":\"WebSite\",\"@id\":\"https:\/\/digithalia.buehnen-graz.com\/#website\",\"url\":\"https:\/\/digithalia.buehnen-graz.com\/\",\"name\":\"Digithalia\",\"description\":\"\",\"publisher\":{\"@id\":\"https:\/\/digithalia.buehnen-graz.com\/#organization\"},\"potentialAction\":[{\"@type\":\"SearchAction\",\"target\":{\"@type\":\"EntryPoint\",\"urlTemplate\":\"https:\/\/digithalia.buehnen-graz.com\/?s={search_term_string}\"},\"query-input\":{\"@type\":\"PropertyValueSpecification\",\"valueRequired\":true,\"valueName\":\"search_term_string\"}}],\"inLanguage\":\"en-GB\"},{\"@type\":\"Organization\",\"@id\":\"https:\/\/digithalia.buehnen-graz.com\/#organization\",\"name\":\"Digithalia\",\"url\":\"https:\/\/digithalia.buehnen-graz.com\/\",\"logo\":{\"@type\":\"ImageObject\",\"inLanguage\":\"en-GB\",\"@id\":\"https:\/\/digithalia.buehnen-graz.com\/#\/schema\/logo\/image\/\",\"url\":\"https:\/\/digithalia.buehnen-graz.com\/wp-content\/uploads\/2025\/06\/cropped-Digithalia_WEB_Logo_SMALL.png\",\"contentUrl\":\"https:\/\/digithalia.buehnen-graz.com\/wp-content\/uploads\/2025\/06\/cropped-Digithalia_WEB_Logo_SMALL.png\",\"width\":5000,\"height\":1201,\"caption\":\"Digithalia\"},\"image\":{\"@id\":\"https:\/\/digithalia.buehnen-graz.com\/#\/schema\/logo\/image\/\"}}]}<\/script>\n<!-- \/ Yoast SEO plugin. -->","yoast_head_json":{"title":"The Game Is On \u2013 Wie Gaming unsere Welt revolutioniert - Digithalia","robots":{"index":"index","follow":"follow","max-snippet":"max-snippet:-1","max-image-preview":"max-image-preview:large","max-video-preview":"max-video-preview:-1"},"canonical":"https:\/\/digithalia.buehnen-graz.com\/en\/programm-2026\/the-game-is-on-wie-gaming-unsere-welt-revolutioniert\/","og_locale":"en_GB","og_type":"article","og_title":"The Game Is On \u2013 Wie Gaming unsere Welt revolutioniert - Digithalia","og_description":"in Deutsch Konsole 25.03.2026, 18:30 Uhr The Game Is On \u2013 Wie Gaming unsere Welt revolutioniert Johanna Pirker [\u00d6sterreich]Keynote 40 Minuten Digitale Technologien er\u00f6ffnen neue Erlebnis- und Erz\u00e4hlr\u00e4ume \u2013 und&hellip;","og_url":"https:\/\/digithalia.buehnen-graz.com\/en\/programm-2026\/the-game-is-on-wie-gaming-unsere-welt-revolutioniert\/","og_site_name":"Digithalia","article_modified_time":"2026-01-22T12:07:48+00:00","og_image":[{"width":2560,"height":1707,"url":"https:\/\/digithalia.buehnen-graz.com\/wp-content\/uploads\/2026\/01\/johanna_pirker_c_lunghammer-scaled.jpg","type":"image\/jpeg"}],"twitter_card":"summary_large_image","twitter_misc":{"Est. reading time":"3 minutes"},"schema":{"@context":"https:\/\/schema.org","@graph":[{"@type":"WebPage","@id":"https:\/\/digithalia.buehnen-graz.com\/programm-2026\/the-game-is-on-wie-gaming-unsere-welt-revolutioniert\/","url":"https:\/\/digithalia.buehnen-graz.com\/programm-2026\/the-game-is-on-wie-gaming-unsere-welt-revolutioniert\/","name":"The Game Is On \u2013 Wie Gaming unsere Welt revolutioniert - Digithalia","isPartOf":{"@id":"https:\/\/digithalia.buehnen-graz.com\/#website"},"primaryImageOfPage":{"@id":"https:\/\/digithalia.buehnen-graz.com\/programm-2026\/the-game-is-on-wie-gaming-unsere-welt-revolutioniert\/#primaryimage"},"image":{"@id":"https:\/\/digithalia.buehnen-graz.com\/programm-2026\/the-game-is-on-wie-gaming-unsere-welt-revolutioniert\/#primaryimage"},"thumbnailUrl":"https:\/\/digithalia.buehnen-graz.com\/wp-content\/uploads\/2026\/01\/johanna_pirker_c_lunghammer-1024x683.jpg","datePublished":"2026-01-22T10:07:51+00:00","dateModified":"2026-01-22T12:07:48+00:00","breadcrumb":{"@id":"https:\/\/digithalia.buehnen-graz.com\/programm-2026\/the-game-is-on-wie-gaming-unsere-welt-revolutioniert\/#breadcrumb"},"inLanguage":"en-GB","potentialAction":[{"@type":"ReadAction","target":["https:\/\/digithalia.buehnen-graz.com\/programm-2026\/the-game-is-on-wie-gaming-unsere-welt-revolutioniert\/"]}]},{"@type":"ImageObject","inLanguage":"en-GB","@id":"https:\/\/digithalia.buehnen-graz.com\/programm-2026\/the-game-is-on-wie-gaming-unsere-welt-revolutioniert\/#primaryimage","url":"https:\/\/digithalia.buehnen-graz.com\/wp-content\/uploads\/2026\/01\/johanna_pirker_c_lunghammer-1024x683.jpg","contentUrl":"https:\/\/digithalia.buehnen-graz.com\/wp-content\/uploads\/2026\/01\/johanna_pirker_c_lunghammer-1024x683.jpg"},{"@type":"BreadcrumbList","@id":"https:\/\/digithalia.buehnen-graz.com\/programm-2026\/the-game-is-on-wie-gaming-unsere-welt-revolutioniert\/#breadcrumb","itemListElement":[{"@type":"ListItem","position":1,"name":"Home","item":"https:\/\/digithalia.buehnen-graz.com\/"},{"@type":"ListItem","position":2,"name":"Programm 2026","item":"https:\/\/digithalia.buehnen-graz.com\/programm-2026\/"},{"@type":"ListItem","position":3,"name":"The Game Is On \u2013 Wie Gaming unsere Welt revolutioniert"}]},{"@type":"WebSite","@id":"https:\/\/digithalia.buehnen-graz.com\/#website","url":"https:\/\/digithalia.buehnen-graz.com\/","name":"Digithalia","description":"","publisher":{"@id":"https:\/\/digithalia.buehnen-graz.com\/#organization"},"potentialAction":[{"@type":"SearchAction","target":{"@type":"EntryPoint","urlTemplate":"https:\/\/digithalia.buehnen-graz.com\/?s={search_term_string}"},"query-input":{"@type":"PropertyValueSpecification","valueRequired":true,"valueName":"search_term_string"}}],"inLanguage":"en-GB"},{"@type":"Organization","@id":"https:\/\/digithalia.buehnen-graz.com\/#organization","name":"Digithalia","url":"https:\/\/digithalia.buehnen-graz.com\/","logo":{"@type":"ImageObject","inLanguage":"en-GB","@id":"https:\/\/digithalia.buehnen-graz.com\/#\/schema\/logo\/image\/","url":"https:\/\/digithalia.buehnen-graz.com\/wp-content\/uploads\/2025\/06\/cropped-Digithalia_WEB_Logo_SMALL.png","contentUrl":"https:\/\/digithalia.buehnen-graz.com\/wp-content\/uploads\/2025\/06\/cropped-Digithalia_WEB_Logo_SMALL.png","width":5000,"height":1201,"caption":"Digithalia"},"image":{"@id":"https:\/\/digithalia.buehnen-graz.com\/#\/schema\/logo\/image\/"}}]}},"_links":{"self":[{"href":"https:\/\/digithalia.buehnen-graz.com\/en\/wp-json\/wp\/v2\/pages\/2150","targetHints":{"allow":["GET"]}}],"collection":[{"href":"https:\/\/digithalia.buehnen-graz.com\/en\/wp-json\/wp\/v2\/pages"}],"about":[{"href":"https:\/\/digithalia.buehnen-graz.com\/en\/wp-json\/wp\/v2\/types\/page"}],"author":[{"embeddable":true,"href":"https:\/\/digithalia.buehnen-graz.com\/en\/wp-json\/wp\/v2\/users\/2"}],"replies":[{"embeddable":true,"href":"https:\/\/digithalia.buehnen-graz.com\/en\/wp-json\/wp\/v2\/comments?post=2150"}],"version-history":[{"count":13,"href":"https:\/\/digithalia.buehnen-graz.com\/en\/wp-json\/wp\/v2\/pages\/2150\/revisions"}],"predecessor-version":[{"id":2208,"href":"https:\/\/digithalia.buehnen-graz.com\/en\/wp-json\/wp\/v2\/pages\/2150\/revisions\/2208"}],"up":[{"embeddable":true,"href":"https:\/\/digithalia.buehnen-graz.com\/en\/wp-json\/wp\/v2\/pages\/1789"}],"wp:attachment":[{"href":"https:\/\/digithalia.buehnen-graz.com\/en\/wp-json\/wp\/v2\/media?parent=2150"}],"curies":[{"name":"wp","href":"https:\/\/api.w.org\/{rel}","templated":true}]}}