{"id":1823,"date":"2026-01-21T16:03:51","date_gmt":"2026-01-21T15:03:51","guid":{"rendered":"https:\/\/digithalia.buehnen-graz.com\/?page_id=1823"},"modified":"2026-02-19T19:09:29","modified_gmt":"2026-02-19T18:09:29","slug":"outreach-2026","status":"publish","type":"page","link":"https:\/\/digithalia.buehnen-graz.com\/en\/outreach-2026\/","title":{"rendered":"Outreach 2026"},"content":{"rendered":"<h1 class=\"wp-block-heading\">Outreach<\/h1>\n\n\n\n<div style=\"height:50px\" aria-hidden=\"true\" class=\"wp-block-spacer\"><\/div>\n\n\n<p><span class=\"TextRun SCXW27858679 BCX0\" lang=\"DE-DE\" xml:lang=\"DE-DE\" data-contrast=\"auto\"><span class=\"NormalTextRun SCXW27858679 BCX0\">W\u00e4hrend\u00a0<\/span><\/span><span class=\"TextRun SCXW27858679 BCX0\" lang=\"DE-DE\" xml:lang=\"DE-DE\" data-contrast=\"auto\"><span class=\"NormalTextRun SCXW27858679 BCX0\">\u00bbDIGITHALIA<\/span><\/span><span class=\"TextRun Highlight SCXW27858679 BCX0\" lang=\"EN-US\" xml:lang=\"EN-US\" data-contrast=\"none\"><span class=\"NormalTextRun SCXW27858679 BCX0\">\u00ab<\/span><\/span><span class=\"TextRun SCXW27858679 BCX0\" lang=\"DE-DE\" xml:lang=\"DE-DE\" data-contrast=\"auto\"><span class=\"NormalTextRun SCXW27858679 BCX0\">\u00a0<\/span><span class=\"NormalTextRun SCXW27858679 BCX0\">bietet das Schauspielhaus\u00a0<\/span><span class=\"NormalTextRun SCXW27858679 BCX0\">besondere\u00a0<\/span><span class=\"NormalTextRun SCXW27858679 BCX0\">Angebot<\/span><span class=\"NormalTextRun SCXW27858679 BCX0\">e f\u00fcr\u00a0<\/span><span class=\"NormalTextRun SpellingErrorV2Themed SCXW27858679 BCX0\">Sch\u00fcler<\/span><span class=\"NormalTextRun SpellingErrorV2Themed SCXW27858679 BCX0\">:<\/span><span class=\"NormalTextRun SpellingErrorV2Themed SCXW27858679 BCX0\">innen<\/span><span class=\"NormalTextRun SCXW27858679 BCX0\">, Studierende und Interessierte! Ob\u00a0<\/span><span class=\"NormalTextRun SCXW27858679 BCX0\">ein<\/span><span class=\"NormalTextRun SCXW27858679 BCX0\">e F\u00fchrung\u00a0<\/span><span class=\"NormalTextRun SCXW27858679 BCX0\">hinter die Kulissen oder ein Vorstellungsbesuch mit der Klasse<\/span><span class=\"NormalTextRun SCXW27858679 BCX0\">; Nutzen Sie die\u00a0<\/span><span class=\"NormalTextRun SCXW27858679 BCX0\">Chance\u00a0<\/span><span class=\"NormalTextRun SCXW27858679 BCX0\">f\u00fcr einen <\/span><span class=\"NormalTextRun SCXW27858679 BCX0\">interaktiven\u00a0<\/span><span class=\"NormalTextRun SCXW27858679 BCX0\">Einblick in das Festival<\/span><span class=\"NormalTextRun SCXW27858679 BCX0\">\u00a0und das Haus.\u00a0<\/span><\/span><span class=\"EOP SCXW27858679 BCX0\" data-ccp-props=\"{}\">\u00a0<\/span><\/p>\n<p><strong><span class=\"TextRun SCXW248130484 BCX0\" lang=\"DE-DE\" xml:lang=\"DE-DE\" data-contrast=\"auto\"><span class=\"NormalTextRun SCXW248130484 BCX0\" data-ccp-parastyle=\"heading 2\">Schulvorstellungen\u00a0<\/span><span class=\"NormalTextRun SCXW248130484 BCX0\" data-ccp-parastyle=\"heading 2\">\u00bb<\/span><a href=\"https:\/\/digithalia.buehnen-graz.com\/en\/programm-2026\/love-work-machine\/\"><span class=\"NormalTextRun SCXW248130484 BCX0\" data-ccp-parastyle=\"heading 2\">Love Work\u00a0<\/span><span class=\"NormalTextRun SpellingErrorV2Themed SCXW248130484 BCX0\" data-ccp-parastyle=\"heading 2\">Machine<\/span><\/a><span class=\"NormalTextRun SCXW248130484 BCX0\" data-ccp-parastyle=\"heading 2\">\u00ab<\/span><\/span><span class=\"EOP SCXW248130484 BCX0\" data-ccp-props=\"{&quot;134245418&quot;:true,&quot;134245529&quot;:true,&quot;335559738&quot;:360,&quot;335559739&quot;:120}\">\u00a0<br \/><\/span><\/strong>Lajos Talamonti, Georg Werner | ARGEkultur Salzburg | Arbeiterkammer Salzburg [\u00d6sterreich]<br \/>Interaktives Theatergame &amp; Talk<\/p>\n<p><strong>Ab 13 Jahren<\/strong><\/p>\n<p><span class=\"TextRun Highlight SCXW198171031 BCX0\" lang=\"DE-DE\" xml:lang=\"DE-DE\" data-contrast=\"auto\"><span class=\"NormalTextRun SCXW198171031 BCX0\">In\u00a0<\/span><span class=\"NormalTextRun SCXW198171031 BCX0\">\u00bb<\/span><\/span><span class=\"TextRun Highlight SCXW198171031 BCX0\" lang=\"DE-DE\" xml:lang=\"DE-DE\" data-contrast=\"auto\"><span class=\"NormalTextRun SCXW198171031 BCX0\">Love Work\u00a0<\/span><span class=\"NormalTextRun SpellingErrorV2Themed SCXW198171031 BCX0\">Machine<\/span><span class=\"NormalTextRun SCXW198171031 BCX0\">\u00ab<\/span><\/span><span class=\"TextRun Highlight SCXW198171031 BCX0\" lang=\"DE-DE\" xml:lang=\"DE-DE\" data-contrast=\"auto\"><span class=\"NormalTextRun SCXW198171031 BCX0\">\u00a0moderiert eine KI ein 60-min\u00fctiges Spiel. Bis zu 60\u00a0<\/span><span class=\"NormalTextRun SpellingErrorV2Themed SCXW198171031 BCX0\">Teilnehmer:innen<\/span><span class=\"NormalTextRun SCXW198171031 BCX0\">\u00a0interagieren mit\u00a0<\/span><span class=\"NormalTextRun SCXW198171031 BCX0\">einer k\u00fcnstlichen Intelligenz<\/span><span class=\"NormalTextRun SCXW198171031 BCX0\">\u00a0und entwerfen Zukunftsvisionen von Arbeit und Gesellschaft, die sich durch\u00a0<\/span><span class=\"NormalTextRun SCXW198171031 BCX0\">neue Technologien<\/span><span class=\"NormalTextRun SCXW198171031 BCX0\">\u00a0rasant ver\u00e4ndern. Im Zentrum stehen Fragen nach Sinn von Arbeit, Zusammenleben und den Folgen f\u00fcr Ausbildung, Beruf und Lebensentw\u00fcrfe. Die Teilnehmenden erproben aktiv ihre nahe Zukunft; die n\u00e4chste Stufe der Automatisierung wird sichtbar.<\/span><\/span><span class=\"LineBreakBlob BlobObject DragDrop SCXW198171031 BCX0\"><span class=\"SCXW198171031 BCX0\">\u00a0<\/span><br class=\"SCXW198171031 BCX0\" \/><\/span><\/p>\n<p><span data-contrast=\"auto\">F\u00fcr das\u00a0interaktive\u00a0Theatergame\u00a0\u00bbLove Work\u00a0Machine\u00ab\u00a0bieten wir\u00a0exklusive Schulvorstellungen\u00a0mit anschlie\u00dfendem K\u00fcnstler-Gespr\u00e4ch\u00a0an:<\/span><span data-ccp-props=\"{}\">\u00a0<\/span><\/p>\n<p><strong>Donnerstag, 26. M\u00e4rz 2026, 10.30 Uhr\u00a0<br \/>Mittwoch, 26. M\u00e4rz 2026, 12.30 Uhr\u00a0<br \/><\/strong><\/p>\n<p><span data-contrast=\"auto\">Buchung und weitere Informationen \u00fcber:\u00a0<\/span><a href=\"mailto:outreach@schauspielhaus-graz.com\"><span data-contrast=\"none\">outreach@schauspielhaus-graz.com<\/span><\/a><\/p>\n<p><strong>Schauspiel[Haus]tour<br \/><\/strong>Schauspielhaus Graz [\u00d6sterreich]<\/p>\n<p><span data-contrast=\"auto\">Exclusive insights behind the scenes!<\/span><span data-ccp-props=\"{&quot;134233117&quot;:false,&quot;134233118&quot;:false,&quot;201341983&quot;:0,&quot;335551550&quot;:1,&quot;335551620&quot;:1,&quot;335559685&quot;:0,&quot;335559737&quot;:0,&quot;335559738&quot;:0,&quot;335559739&quot;:0,&quot;335559740&quot;:276}\">\u00a0<\/span><\/p>\n<p><span data-contrast=\"auto\">We walk together through the areas of the building that are not open to the public, descend into the furthest recesses of the theatre and climb up to the fly tower, where we get an overview and learn more about the history of the theatre.\u00a0<\/span><\/p>\n<p><strong>Donnerstag, 26. M\u00e4rz 2026, 18.30 Uhr<\/strong><\/p>\n<p><span data-contrast=\"auto\">For questions and information:\u00a0<\/span><a href=\"mailto:haustour@schauspielhaus-graz.com\"><span data-contrast=\"none\">haustour@schauspielhaus-graz.com<\/span><\/a><span data-contrast=\"auto\">\u00a0<\/span><\/p>\n<p><strong>STUDENT NIGHT #Digithalia<\/strong><br \/>Schauspielhaus Graz [\u00d6sterreich]<\/p>\n<p><span data-contrast=\"auto\">Mit dem Code\u00a0<\/span>STUDI2526<span data-contrast=\"auto\">\u00a0sichern Sie sich Ihr Ticket f\u00fcr \u00bb<\/span><b><span data-contrast=\"auto\">Die Trag\u00f6die von Romeo &amp; Julia\u00ab<\/span><\/b><span data-contrast=\"auto\">\u00a0im Rahmen der\u00a0<\/span>STUDENT NIGHT #Digithalia for only \u20ac6.\u00a0<\/p>\n<p><span data-contrast=\"auto\">In the run-up to the event, the curatorial team will guide you through\u00a0<\/span><b><span data-contrast=\"auto\">F. Wiesel<\/span><\/b><span data-contrast=\"auto\">\u00a0through the festival's fascinating installations, perfectly preparing you for the performance.<\/span><span data-ccp-props=\"{&quot;134233117&quot;:false,&quot;134233118&quot;:false,&quot;335551550&quot;:0,&quot;335551620&quot;:0,&quot;335559738&quot;:240,&quot;335559739&quot;:240}\">\u00a0<\/span><\/p>\n<p><strong>Donnerstag, 26. M\u00e4rz, 18.00 Uhr\u00a0<\/strong><\/p>","protected":false},"excerpt":{"rendered":"<p>Outreach W\u00e4hrend\u00a0\u00bbDIGITHALIA\u00ab\u00a0bietet das Schauspielhaus\u00a0besondere\u00a0Angebote f\u00fcr\u00a0Sch\u00fcler:innen, Studierende und Interessierte! Ob\u00a0eine F\u00fchrung\u00a0hinter die Kulissen oder ein Vorstellungsbesuch mit der Klasse; Nutzen Sie die\u00a0Chance\u00a0f\u00fcr einen interaktiven\u00a0Einblick in das Festival\u00a0und das Haus.\u00a0\u00a0 Schulvorstellungen\u00a0\u00bbLove Work\u00a0Machine\u00ab\u00a0Lajos&hellip;<\/p>","protected":false},"author":2,"featured_media":0,"parent":0,"menu_order":0,"comment_status":"closed","ping_status":"closed","template":"","meta":{"footnotes":"","_links_to":"","_links_to_target":""},"class_list":["post-1823","page","type-page","status-publish","hentry"],"yoast_head":"<!-- This site is optimized with the Yoast SEO plugin v26.2 - https:\/\/yoast.com\/wordpress\/plugins\/seo\/ -->\n<title>Outreach 2026 - Digithalia<\/title>\n<meta name=\"robots\" content=\"index, follow, max-snippet:-1, max-image-preview:large, max-video-preview:-1\" \/>\n<link rel=\"canonical\" href=\"https:\/\/digithalia.buehnen-graz.com\/en\/outreach-2026\/\" \/>\n<meta property=\"og:locale\" content=\"en_GB\" \/>\n<meta property=\"og:type\" content=\"article\" \/>\n<meta property=\"og:title\" content=\"Outreach 2026 - Digithalia\" \/>\n<meta property=\"og:description\" content=\"Outreach W\u00e4hrend\u00a0\u00bbDIGITHALIA\u00ab\u00a0bietet das Schauspielhaus\u00a0besondere\u00a0Angebote f\u00fcr\u00a0Sch\u00fcler:innen, Studierende und Interessierte! Ob\u00a0eine F\u00fchrung\u00a0hinter die Kulissen oder ein Vorstellungsbesuch mit der Klasse; Nutzen Sie die\u00a0Chance\u00a0f\u00fcr einen interaktiven\u00a0Einblick in das Festival\u00a0und das Haus.\u00a0\u00a0 Schulvorstellungen\u00a0\u00bbLove Work\u00a0Machine\u00ab\u00a0Lajos&hellip;\" \/>\n<meta property=\"og:url\" content=\"https:\/\/digithalia.buehnen-graz.com\/en\/outreach-2026\/\" \/>\n<meta property=\"og:site_name\" content=\"Digithalia\" \/>\n<meta property=\"article:modified_time\" content=\"2026-02-19T18:09:29+00:00\" \/>\n<meta name=\"twitter:card\" content=\"summary_large_image\" \/>\n<meta name=\"twitter:label1\" content=\"Est. reading time\" \/>\n\t<meta name=\"twitter:data1\" content=\"2 minutes\" \/>\n<script type=\"application\/ld+json\" class=\"yoast-schema-graph\">{\"@context\":\"https:\/\/schema.org\",\"@graph\":[{\"@type\":\"WebPage\",\"@id\":\"https:\/\/digithalia.buehnen-graz.com\/outreach-2026\/\",\"url\":\"https:\/\/digithalia.buehnen-graz.com\/outreach-2026\/\",\"name\":\"Outreach 2026 - Digithalia\",\"isPartOf\":{\"@id\":\"https:\/\/digithalia.buehnen-graz.com\/#website\"},\"datePublished\":\"2026-01-21T15:03:51+00:00\",\"dateModified\":\"2026-02-19T18:09:29+00:00\",\"breadcrumb\":{\"@id\":\"https:\/\/digithalia.buehnen-graz.com\/outreach-2026\/#breadcrumb\"},\"inLanguage\":\"en-GB\",\"potentialAction\":[{\"@type\":\"ReadAction\",\"target\":[\"https:\/\/digithalia.buehnen-graz.com\/outreach-2026\/\"]}]},{\"@type\":\"BreadcrumbList\",\"@id\":\"https:\/\/digithalia.buehnen-graz.com\/outreach-2026\/#breadcrumb\",\"itemListElement\":[{\"@type\":\"ListItem\",\"position\":1,\"name\":\"Home\",\"item\":\"https:\/\/digithalia.buehnen-graz.com\/\"},{\"@type\":\"ListItem\",\"position\":2,\"name\":\"Outreach 2026\"}]},{\"@type\":\"WebSite\",\"@id\":\"https:\/\/digithalia.buehnen-graz.com\/#website\",\"url\":\"https:\/\/digithalia.buehnen-graz.com\/\",\"name\":\"Digithalia\",\"description\":\"\",\"publisher\":{\"@id\":\"https:\/\/digithalia.buehnen-graz.com\/#organization\"},\"potentialAction\":[{\"@type\":\"SearchAction\",\"target\":{\"@type\":\"EntryPoint\",\"urlTemplate\":\"https:\/\/digithalia.buehnen-graz.com\/?s={search_term_string}\"},\"query-input\":{\"@type\":\"PropertyValueSpecification\",\"valueRequired\":true,\"valueName\":\"search_term_string\"}}],\"inLanguage\":\"en-GB\"},{\"@type\":\"Organization\",\"@id\":\"https:\/\/digithalia.buehnen-graz.com\/#organization\",\"name\":\"Digithalia\",\"url\":\"https:\/\/digithalia.buehnen-graz.com\/\",\"logo\":{\"@type\":\"ImageObject\",\"inLanguage\":\"en-GB\",\"@id\":\"https:\/\/digithalia.buehnen-graz.com\/#\/schema\/logo\/image\/\",\"url\":\"https:\/\/digithalia.buehnen-graz.com\/wp-content\/uploads\/2025\/06\/cropped-Digithalia_WEB_Logo_SMALL.png\",\"contentUrl\":\"https:\/\/digithalia.buehnen-graz.com\/wp-content\/uploads\/2025\/06\/cropped-Digithalia_WEB_Logo_SMALL.png\",\"width\":5000,\"height\":1201,\"caption\":\"Digithalia\"},\"image\":{\"@id\":\"https:\/\/digithalia.buehnen-graz.com\/#\/schema\/logo\/image\/\"}}]}<\/script>\n<!-- \/ Yoast SEO plugin. -->","yoast_head_json":{"title":"Outreach 2026 - Digithalia","robots":{"index":"index","follow":"follow","max-snippet":"max-snippet:-1","max-image-preview":"max-image-preview:large","max-video-preview":"max-video-preview:-1"},"canonical":"https:\/\/digithalia.buehnen-graz.com\/en\/outreach-2026\/","og_locale":"en_GB","og_type":"article","og_title":"Outreach 2026 - Digithalia","og_description":"Outreach W\u00e4hrend\u00a0\u00bbDIGITHALIA\u00ab\u00a0bietet das Schauspielhaus\u00a0besondere\u00a0Angebote f\u00fcr\u00a0Sch\u00fcler:innen, Studierende und Interessierte! Ob\u00a0eine F\u00fchrung\u00a0hinter die Kulissen oder ein Vorstellungsbesuch mit der Klasse; Nutzen Sie die\u00a0Chance\u00a0f\u00fcr einen interaktiven\u00a0Einblick in das Festival\u00a0und das Haus.\u00a0\u00a0 Schulvorstellungen\u00a0\u00bbLove Work\u00a0Machine\u00ab\u00a0Lajos&hellip;","og_url":"https:\/\/digithalia.buehnen-graz.com\/en\/outreach-2026\/","og_site_name":"Digithalia","article_modified_time":"2026-02-19T18:09:29+00:00","twitter_card":"summary_large_image","twitter_misc":{"Est. reading time":"2 minutes"},"schema":{"@context":"https:\/\/schema.org","@graph":[{"@type":"WebPage","@id":"https:\/\/digithalia.buehnen-graz.com\/outreach-2026\/","url":"https:\/\/digithalia.buehnen-graz.com\/outreach-2026\/","name":"Outreach 2026 - Digithalia","isPartOf":{"@id":"https:\/\/digithalia.buehnen-graz.com\/#website"},"datePublished":"2026-01-21T15:03:51+00:00","dateModified":"2026-02-19T18:09:29+00:00","breadcrumb":{"@id":"https:\/\/digithalia.buehnen-graz.com\/outreach-2026\/#breadcrumb"},"inLanguage":"en-GB","potentialAction":[{"@type":"ReadAction","target":["https:\/\/digithalia.buehnen-graz.com\/outreach-2026\/"]}]},{"@type":"BreadcrumbList","@id":"https:\/\/digithalia.buehnen-graz.com\/outreach-2026\/#breadcrumb","itemListElement":[{"@type":"ListItem","position":1,"name":"Home","item":"https:\/\/digithalia.buehnen-graz.com\/"},{"@type":"ListItem","position":2,"name":"Outreach 2026"}]},{"@type":"WebSite","@id":"https:\/\/digithalia.buehnen-graz.com\/#website","url":"https:\/\/digithalia.buehnen-graz.com\/","name":"Digithalia","description":"","publisher":{"@id":"https:\/\/digithalia.buehnen-graz.com\/#organization"},"potentialAction":[{"@type":"SearchAction","target":{"@type":"EntryPoint","urlTemplate":"https:\/\/digithalia.buehnen-graz.com\/?s={search_term_string}"},"query-input":{"@type":"PropertyValueSpecification","valueRequired":true,"valueName":"search_term_string"}}],"inLanguage":"en-GB"},{"@type":"Organization","@id":"https:\/\/digithalia.buehnen-graz.com\/#organization","name":"Digithalia","url":"https:\/\/digithalia.buehnen-graz.com\/","logo":{"@type":"ImageObject","inLanguage":"en-GB","@id":"https:\/\/digithalia.buehnen-graz.com\/#\/schema\/logo\/image\/","url":"https:\/\/digithalia.buehnen-graz.com\/wp-content\/uploads\/2025\/06\/cropped-Digithalia_WEB_Logo_SMALL.png","contentUrl":"https:\/\/digithalia.buehnen-graz.com\/wp-content\/uploads\/2025\/06\/cropped-Digithalia_WEB_Logo_SMALL.png","width":5000,"height":1201,"caption":"Digithalia"},"image":{"@id":"https:\/\/digithalia.buehnen-graz.com\/#\/schema\/logo\/image\/"}}]}},"_links":{"self":[{"href":"https:\/\/digithalia.buehnen-graz.com\/en\/wp-json\/wp\/v2\/pages\/1823","targetHints":{"allow":["GET"]}}],"collection":[{"href":"https:\/\/digithalia.buehnen-graz.com\/en\/wp-json\/wp\/v2\/pages"}],"about":[{"href":"https:\/\/digithalia.buehnen-graz.com\/en\/wp-json\/wp\/v2\/types\/page"}],"author":[{"embeddable":true,"href":"https:\/\/digithalia.buehnen-graz.com\/en\/wp-json\/wp\/v2\/users\/2"}],"replies":[{"embeddable":true,"href":"https:\/\/digithalia.buehnen-graz.com\/en\/wp-json\/wp\/v2\/comments?post=1823"}],"version-history":[{"count":5,"href":"https:\/\/digithalia.buehnen-graz.com\/en\/wp-json\/wp\/v2\/pages\/1823\/revisions"}],"predecessor-version":[{"id":2247,"href":"https:\/\/digithalia.buehnen-graz.com\/en\/wp-json\/wp\/v2\/pages\/1823\/revisions\/2247"}],"wp:attachment":[{"href":"https:\/\/digithalia.buehnen-graz.com\/en\/wp-json\/wp\/v2\/media?parent=1823"}],"curies":[{"name":"wp","href":"https:\/\/api.w.org\/{rel}","templated":true}]}}